{"id":7050,"date":"2026-01-15T11:37:06","date_gmt":"2026-01-15T09:37:06","guid":{"rendered":"https:\/\/falun2027.com\/?page_id=7050"},"modified":"2026-01-15T11:42:29","modified_gmt":"2026-01-15T09:42:29","slug":"integritetspolicy","status":"publish","type":"page","link":"https:\/\/falun2027.com\/sv\/integritetspolicy\/","title":{"rendered":"Integritetspolicy"},"content":{"rendered":"\n<h1>\n\t\t\t\t<\/h1>\n\t<p>Vi arbetar f\u00f6r att s\u00e4kerst\u00e4lla en h\u00f6g niv\u00e5 av dataskydd som v\u00e4rnar om din personliga integritet vid anv\u00e4ndning av v\u00e5r webbplats. Denna integritetspolicy f\u00f6rklarar d\u00e4rf\u00f6r hur dina personuppgifter bearbetas och skyddas, dina r\u00e4ttigheter och hur du kan g\u00f6ra dem g\u00e4llande. Vi str\u00e4var efter att du ska k\u00e4nna dig trygg i v\u00e5r behandling av dina personuppgifter. Vid eventuella fr\u00e5gor \u00e4r du v\u00e4lkommen att kontakta oss. V\u00e5ra kontaktuppgifter hittar du l\u00e4ngst ned p\u00e5 denna sida.<\/p>\n<h2>Vem ansvarar f\u00f6r de personuppgifter vi samlar in?<\/h2>\n<p>, org. Nr , ,  , \u00e4r personuppgiftsansvarig f\u00f6r de personuppgifter du l\u00e4mnar till oss genom k\u00f6p och \u00f6vrig kontakt med oss och ansvarar f\u00f6r behandling av dessa.<\/p>\n<h2>Var lagras dina personuppgifter?<\/h2>\n<p>Vi efterstr\u00e4var att dina personuppgifter i s\u00e5 h\u00f6g grad som m\u00f6jligt ska behandlas inom det europeiska ekonomiska samarbetsomr\u00e5det (EES) och alla v\u00e5ra egna IT-system, men kan \u00e4ven \u00f6verf\u00f6ras och bearbetas i ett land utanf\u00f6r EES (s.k. &#8221;tredje land&#8221;). S\u00e5dan \u00f6verf\u00f6ring sker endast till mottagarland med adekvat skyddsniv\u00e5 och i enlighet med g\u00e4llande lagstiftning. Om \u00f6verf\u00f6ring sker till partner f\u00f6r en tj\u00e4nst i USA sker detta endast till f\u00f6retag som omfattas av det s\u00e5 kallade &#8221;Privacy Shield&#8221;, vilken \u00e4r en \u00f6verenskommelse om skydd f\u00f6r personuppgifter mellan EU och USA.<\/p>\n<h2>Vad f\u00f6r slags personuppgifter samlar vi in?<\/h2>\n<p>Vi samlar in personuppgifter som du skickar till oss n\u00e4r du g\u00f6r best\u00e4llningar p\u00e5 v\u00e5r webbplats, anm\u00e4ler dig till v\u00e5rt nyhetsbrev eller deltar i eventuella t\u00e4vlingar. De personuppgifter som du skickar till oss kan till exempel omfatta kontaktinformation, f\u00f6delsedatum och betalningsinformation. Vi kan ocks\u00e5 komma att samla in vissa personuppgifter fr\u00e5n externa partners s\u00e5som adressuppgifter fr\u00e5n offentliga register och uppgifter om kreditv\u00e4rdighet fr\u00e5n kreditv\u00e4rderingsinstitut, banker eller kreditupplysningf\u00f6retag.<\/p>\n<h2>Hur anv\u00e4nder vi dina personuppgifter?<\/h2>\n<p>Vi kan komma att anv\u00e4nda dina personuppgifter f\u00f6r f\u00f6ljande \u00e4ndam\u00e5l:<\/p>\n<ul>\n<li>Vid korrespondens om fr\u00e5gor och \u00f6vrig information<\/li>\n<li>Vid utskick om erbjudanden i form av nyhetsbrev, d\u00e5 alltid med instruktioner om hur du kan avanm\u00e4la dig ifr\u00e5n vidare utskick<\/li>\n<li>Vid analyser av bes\u00f6karm\u00f6nster f\u00f6r att utveckla sidan och dess inneh\u00e5ll<\/li>\n<li>Vid utannonsering av vinnare i t\u00e4vlingar som vi arrangerar<\/li>\n<li>Vid eventuella enk\u00e4tutskick f\u00f6r att f\u00f6rb\u00e4ttra v\u00e5ra tj\u00e4nster och erbjudanden.<\/li>\n<li>Vid arbete som f\u00f6rhindrar missbruk eller annan ol\u00e4mplig anv\u00e4ndning av v\u00e5r hemsida<\/li>\n<\/ul>\n<p>Vi sparar dina uppgifter s\u00e5 l\u00e4nge som det kr\u00e4vs f\u00f6r att uppfylla ovanst\u00e5ende \u00e4ndam\u00e5l eller s\u00e5 l\u00e4nge som vi enligt lag \u00e4r skyldiga att g\u00f6ra detta. D\u00e4refter raderas dina personuppgifter.<\/p>\n<h2>Vilka \u00e4r dina r\u00e4ttigheter?<\/h2>\n<p>Du har r\u00e4tt att n\u00e4r som helst beg\u00e4ra information om de personuppgifter vi har om dig. Om dina uppgifter \u00e4r felaktiga, ofullst\u00e4ndiga eller irrelevanta, kan du beg\u00e4ra att f\u00e5 dem r\u00e4ttade eller raderade. Vi kan inte radera dina uppgifter d\u00e5 det f\u00f6religger ett lagstadgat krav p\u00e5 lagring, som exempelvis bokf\u00f6ringsregler, eller n\u00e4r det finns andra legitima sk\u00e4l till varf\u00f6r uppgifterna m\u00e5ste sparas, till exempel obetalda fakturor. Du kan n\u00e4r som helst \u00e5terkalla ditt samtycke till att l\u00e5ta oss anv\u00e4nda uppgifterna f\u00f6r marknadsf\u00f6ring genom att avanm\u00e4la dig fr\u00e5n v\u00e5rt nyhetsbrev. Du kan ocks\u00e5 kontakta oss genom att skicka brev, e-post eller ringa. Se kontaktuppgifter nedan.<\/p>\n<h2>Vilka kan vi komma att dela dina personuppgifter med?<\/h2>\n<p>F\u00f6r att vi ska kunna erbjuda ovann\u00e4mnda tj\u00e4nster och v\u00e5ra \u00e5taganden gentemot dig som kund delar vi dina personuppgifter med f\u00f6retag som \u00e4r s.k. personuppgiftsbitr\u00e4den f\u00f6r oss. Personuppgiftsbitr\u00e4den behandlar informationen f\u00f6r v\u00e5r r\u00e4kning och enligt v\u00e5ra instruktioner och hj\u00e4lper oss med IT-tj\u00e4nster, betaltj\u00e4nster, transporter och marknadsf\u00f6ring. Detta sker endast f\u00f6r \u00e4ndam\u00e5l f\u00f6r vilka vi har samlat informationen och endast till f\u00f6retag som kan l\u00e4mna tillr\u00e4ckliga garantier g\u00e4llande s\u00e4kerhet och sekretess f\u00f6r personuppgifter. Vi vidarebefordrar, s\u00e4ljer eller byter aldrig dina personuppgifter f\u00f6r marknadsf\u00f6rings\u00e4ndam\u00e5l till tredje part.<\/p>\n<h2>Hur skyddar vi dina personuppgifter?<\/h2>\n<p>F\u00f6r att dina personuppgifter som skickas till v\u00e5r webbplats inte ska l\u00e4sas av utomst\u00e5ende, krypteras all s\u00e5dan information och skickas via en s\u00e4ker anslutning.<\/p>\n<h2>Cookies<\/h2>\n<p>En cookie (eller kaka) \u00e4r en liten textfil som en webbplats sparar p\u00e5 bes\u00f6karens dator. Cookies anv\u00e4nds p\u00e5 m\u00e5nga webbplatser f\u00f6r att ge en bes\u00f6kare tillg\u00e5ng till olika funktioner. Informationen i en cookie kan ocks\u00e5 anv\u00e4ndas f\u00f6r att f\u00f6lja en anv\u00e4ndares surfande p\u00e5 webbplatser som anv\u00e4nder samma cookie.<\/p>\n<h2>M\u00e5ste jag till\u00e5ta cookies?<\/h2>\n<p>Nej. Denna webbsida anv\u00e4nder cookies f\u00f6r att sp\u00e5ra bes\u00f6kares beteenden via bland annat Google Analytics, men utan cookies kan du dock fortfarande titta p\u00e5 sidor p\u00e5 webbsidan utan n\u00e5gra begr\u00e4nsningar i funktionalitet. Om du vill bes\u00f6ka webbplatsen men inte vill att n\u00e5gra cookies ska sparas p\u00e5 din dator n\u00e4r du st\u00e4nger din webbl\u00e4sare s\u00e5 kan du bes\u00f6ka sidan i privat l\u00e4ge. Detta l\u00e4ge kallas olika saker beroende p\u00e5 din webbl\u00e4sare: &#8221;Inkognitof\u00f6nster&#8221; (Chrome), &#8221;Privat f\u00f6nster&#8221; (Firefox) eller &#8221;InPrivate-f\u00f6nster&#8221; (Microsoft Edge). Alla cookies som satts under bes\u00f6ket i privat l\u00e4ge raderas d\u00e5 ifr\u00e5n din dator n\u00e4r du st\u00e4nger din webbl\u00e4sare.<\/p>\n<h2>Hur anv\u00e4nder vi cookies?<\/h2>\n<p>Vi anv\u00e4nder cookies som statistikunderlag, till exempel f\u00f6r att se vilka sidor samma bes\u00f6kare tittar p\u00e5 f\u00f6r att kunna anpassa webbplatsens utseende och funktion efter v\u00e5ra bes\u00f6kares beteenden.<\/p>\n<h2>Tredjepartscookies<\/h2>\n<p>Vi anv\u00e4nder Google Analytics, Google Tag Manager och YouTube som ocks\u00e5 s\u00e4tter cookies, detta f\u00f6r att f\u00e5 en bild av hur v\u00e5ra bes\u00f6kare anv\u00e4nder webbplatsen. Dessa cookies inneh\u00e5ller inte heller identifierande information om vem du som bes\u00f6kare \u00e4r.<\/p>\n<h2>Personuppgiftsansvarig<\/h2>\n<p> Organisationsnummer:     Sverige E-post: <a href=\"mailto:\"><\/a> Denna integritetspolicy uppdateras senast: . <a href=\"https:\/\/support.e37.se\/hc\/sv\/articles\/211926329-Integritetspolicysida-Utg%C3%A5ngspunkt-f%C3%B6r-standard-text-om-personuppgifter-och-cookies\" target=\"_blank\" rel=\"noopener\"> Vad vi baserat v\u00e5r integritetsinformation p\u00e5 (\u00f6ppnas i ny flik). <\/a><\/p>\n\n","protected":false},"excerpt":{"rendered":"<p>Vi arbetar f\u00f6r att s\u00e4kerst\u00e4lla en h\u00f6g niv\u00e5 av dataskydd som v\u00e4rnar om din personliga integritet vid anv\u00e4ndning av v\u00e5r webbplats. Denna integritetspolicy f\u00f6rklarar d\u00e4rf\u00f6r hur dina personuppgifter bearbetas och skyddas, dina r\u00e4ttigheter och hur du kan g\u00f6ra dem g\u00e4llande. Vi str\u00e4var efter att du ska k\u00e4nna dig trygg i v\u00e5r behandling av dina personuppgifter.&hellip;<\/p>\n","protected":false},"author":1,"featured_media":0,"parent":0,"menu_order":18,"comment_status":"closed","ping_status":"closed","template":"","meta":{"_acf_changed":false,"footnotes":""},"layout":[],"class_list":["post-7050","page","type-page","status-publish","hentry"],"acf":[],"yoast_head":"<!-- This site is optimized with the Yoast SEO plugin v27.4 - https:\/\/yoast.com\/product\/yoast-seo-wordpress\/ -->\n<title>Integritetspolicy - Falun 2027<\/title>\n<meta name=\"robots\" content=\"index, follow, max-snippet:-1, max-image-preview:large, max-video-preview:-1\" \/>\n<link rel=\"canonical\" href=\"https:\/\/falun2027.com\/sv\/integritetspolicy\/\" \/>\n<meta property=\"og:locale\" content=\"sv_SE\" \/>\n<meta property=\"og:type\" content=\"article\" \/>\n<meta property=\"og:title\" content=\"Integritetspolicy - Falun 2027\" \/>\n<meta property=\"og:description\" content=\"Vi arbetar f\u00f6r att s\u00e4kerst\u00e4lla en h\u00f6g niv\u00e5 av dataskydd som v\u00e4rnar om din personliga integritet vid anv\u00e4ndning av v\u00e5r webbplats. Denna integritetspolicy f\u00f6rklarar d\u00e4rf\u00f6r hur dina personuppgifter bearbetas och skyddas, dina r\u00e4ttigheter och hur du kan g\u00f6ra dem g\u00e4llande. Vi str\u00e4var efter att du ska k\u00e4nna dig trygg i v\u00e5r behandling av dina personuppgifter.&hellip;\" \/>\n<meta property=\"og:url\" content=\"https:\/\/falun2027.com\/sv\/integritetspolicy\/\" \/>\n<meta property=\"og:site_name\" content=\"Falun 2027\" \/>\n<meta property=\"article:modified_time\" content=\"2026-01-15T09:42:29+00:00\" \/>\n<meta name=\"twitter:card\" content=\"summary_large_image\" \/>\n<script type=\"application\/ld+json\" class=\"yoast-schema-graph\">{\"@context\":\"https:\\\/\\\/schema.org\",\"@graph\":[{\"@type\":\"WebPage\",\"@id\":\"https:\\\/\\\/falun2027.com\\\/sv\\\/integritetspolicy\\\/\",\"url\":\"https:\\\/\\\/falun2027.com\\\/sv\\\/integritetspolicy\\\/\",\"name\":\"Integritetspolicy - Falun 2027\",\"isPartOf\":{\"@id\":\"https:\\\/\\\/falun2027.com\\\/sv\\\/#website\"},\"datePublished\":\"2026-01-15T09:37:06+00:00\",\"dateModified\":\"2026-01-15T09:42:29+00:00\",\"breadcrumb\":{\"@id\":\"https:\\\/\\\/falun2027.com\\\/sv\\\/integritetspolicy\\\/#breadcrumb\"},\"inLanguage\":\"sv-SE\",\"potentialAction\":[{\"@type\":\"ReadAction\",\"target\":[\"https:\\\/\\\/falun2027.com\\\/sv\\\/integritetspolicy\\\/\"]}]},{\"@type\":\"BreadcrumbList\",\"@id\":\"https:\\\/\\\/falun2027.com\\\/sv\\\/integritetspolicy\\\/#breadcrumb\",\"itemListElement\":[{\"@type\":\"ListItem\",\"position\":1,\"name\":\"Hem\",\"item\":\"https:\\\/\\\/falun2027.com\\\/sv\\\/\"},{\"@type\":\"ListItem\",\"position\":2,\"name\":\"Integritetspolicy\"}]},{\"@type\":\"WebSite\",\"@id\":\"https:\\\/\\\/falun2027.com\\\/sv\\\/#website\",\"url\":\"https:\\\/\\\/falun2027.com\\\/sv\\\/\",\"name\":\"Falun 2027\",\"description\":\"Skid-VM Falun 2027\",\"potentialAction\":[{\"@type\":\"SearchAction\",\"target\":{\"@type\":\"EntryPoint\",\"urlTemplate\":\"https:\\\/\\\/falun2027.com\\\/sv\\\/?s={search_term_string}\"},\"query-input\":{\"@type\":\"PropertyValueSpecification\",\"valueRequired\":true,\"valueName\":\"search_term_string\"}}],\"inLanguage\":\"sv-SE\"}]}<\/script>\n<!-- \/ Yoast SEO plugin. -->","yoast_head_json":{"title":"Integritetspolicy - Falun 2027","robots":{"index":"index","follow":"follow","max-snippet":"max-snippet:-1","max-image-preview":"max-image-preview:large","max-video-preview":"max-video-preview:-1"},"canonical":"https:\/\/falun2027.com\/sv\/integritetspolicy\/","og_locale":"sv_SE","og_type":"article","og_title":"Integritetspolicy - Falun 2027","og_description":"Vi arbetar f\u00f6r att s\u00e4kerst\u00e4lla en h\u00f6g niv\u00e5 av dataskydd som v\u00e4rnar om din personliga integritet vid anv\u00e4ndning av v\u00e5r webbplats. Denna integritetspolicy f\u00f6rklarar d\u00e4rf\u00f6r hur dina personuppgifter bearbetas och skyddas, dina r\u00e4ttigheter och hur du kan g\u00f6ra dem g\u00e4llande. Vi str\u00e4var efter att du ska k\u00e4nna dig trygg i v\u00e5r behandling av dina personuppgifter.&hellip;","og_url":"https:\/\/falun2027.com\/sv\/integritetspolicy\/","og_site_name":"Falun 2027","article_modified_time":"2026-01-15T09:42:29+00:00","twitter_card":"summary_large_image","schema":{"@context":"https:\/\/schema.org","@graph":[{"@type":"WebPage","@id":"https:\/\/falun2027.com\/sv\/integritetspolicy\/","url":"https:\/\/falun2027.com\/sv\/integritetspolicy\/","name":"Integritetspolicy - Falun 2027","isPartOf":{"@id":"https:\/\/falun2027.com\/sv\/#website"},"datePublished":"2026-01-15T09:37:06+00:00","dateModified":"2026-01-15T09:42:29+00:00","breadcrumb":{"@id":"https:\/\/falun2027.com\/sv\/integritetspolicy\/#breadcrumb"},"inLanguage":"sv-SE","potentialAction":[{"@type":"ReadAction","target":["https:\/\/falun2027.com\/sv\/integritetspolicy\/"]}]},{"@type":"BreadcrumbList","@id":"https:\/\/falun2027.com\/sv\/integritetspolicy\/#breadcrumb","itemListElement":[{"@type":"ListItem","position":1,"name":"Hem","item":"https:\/\/falun2027.com\/sv\/"},{"@type":"ListItem","position":2,"name":"Integritetspolicy"}]},{"@type":"WebSite","@id":"https:\/\/falun2027.com\/sv\/#website","url":"https:\/\/falun2027.com\/sv\/","name":"Falun 2027","description":"Skid-VM Falun 2027","potentialAction":[{"@type":"SearchAction","target":{"@type":"EntryPoint","urlTemplate":"https:\/\/falun2027.com\/sv\/?s={search_term_string}"},"query-input":{"@type":"PropertyValueSpecification","valueRequired":true,"valueName":"search_term_string"}}],"inLanguage":"sv-SE"}]}},"_links":{"self":[{"href":"https:\/\/falun2027.com\/sv\/wp-json\/wp\/v2\/pages\/7050","targetHints":{"allow":["GET"]}}],"collection":[{"href":"https:\/\/falun2027.com\/sv\/wp-json\/wp\/v2\/pages"}],"about":[{"href":"https:\/\/falun2027.com\/sv\/wp-json\/wp\/v2\/types\/page"}],"author":[{"embeddable":true,"href":"https:\/\/falun2027.com\/sv\/wp-json\/wp\/v2\/users\/1"}],"replies":[{"embeddable":true,"href":"https:\/\/falun2027.com\/sv\/wp-json\/wp\/v2\/comments?post=7050"}],"version-history":[{"count":5,"href":"https:\/\/falun2027.com\/sv\/wp-json\/wp\/v2\/pages\/7050\/revisions"}],"predecessor-version":[{"id":7059,"href":"https:\/\/falun2027.com\/sv\/wp-json\/wp\/v2\/pages\/7050\/revisions\/7059"}],"wp:attachment":[{"href":"https:\/\/falun2027.com\/sv\/wp-json\/wp\/v2\/media?parent=7050"}],"wp:term":[{"taxonomy":"layout","embeddable":true,"href":"https:\/\/falun2027.com\/sv\/wp-json\/wp\/v2\/layout?post=7050"}],"curies":[{"name":"wp","href":"https:\/\/api.w.org\/{rel}","templated":true}]}}