{"id":5192,"date":"2025-04-28T15:42:11","date_gmt":"2025-04-28T13:42:11","guid":{"rendered":"https:\/\/falun2027.com\/?page_id=5192"},"modified":"2026-02-12T19:11:44","modified_gmt":"2026-02-12T17:11:44","slug":"dromlaget","status":"publish","type":"page","link":"https:\/\/falun2027.com\/sv\/dromlaget\/","title":{"rendered":"Dr\u00f6mlaget"},"content":{"rendered":"\r\n<h1><\/h1>\r\n\r\n<h1><\/h1>\r\n<p><a href=\"#ingressen\" target=\"_self\"> G\u00e5 upp igen <\/a><\/p>\r\n\r\n<h1><\/h1>\r\n<p><a href=\"#ingressen\" target=\"_self\"> G\u00e5 upp igen <\/a><\/p>\r\n\r\n<h1><\/h1>\r\n<p><a href=\"#ingressen\" target=\"_self\"> G\u00e5 upp igen <\/a><\/p>\r\n\r\n","protected":false},"excerpt":{"rendered":"<p>G\u00e5 upp igen G\u00e5 upp igen G\u00e5 upp igen<\/p>\n","protected":false},"author":1,"featured_media":0,"parent":0,"menu_order":20,"comment_status":"closed","ping_status":"closed","template":"","meta":{"_acf_changed":false,"footnotes":""},"layout":[],"class_list":["post-5192","page","type-page","status-publish","hentry"],"acf":[],"yoast_head":"<!-- This site is optimized with the Yoast SEO plugin v27.4 - https:\/\/yoast.com\/product\/yoast-seo-wordpress\/ -->\n<title>FIS Nordic World Ski Championships 2027 in Falun<\/title>\n<meta name=\"description\" content=\"A WC in Falun engages us who live and work in Falun and Dalarna. We are very proud to organize the Ski World Championships in Falun in 2027!\" \/>\n<meta name=\"robots\" content=\"index, follow, max-snippet:-1, max-image-preview:large, max-video-preview:-1\" \/>\n<link rel=\"canonical\" href=\"https:\/\/falun2027.com\/sv\/dromlaget\/\" \/>\n<meta property=\"og:locale\" content=\"sv_SE\" \/>\n<meta property=\"og:type\" content=\"article\" \/>\n<meta property=\"og:title\" content=\"FIS Nordic World Ski Championships 2027 in Falun\" \/>\n<meta property=\"og:description\" content=\"A WC in Falun engages us who live and work in Falun and Dalarna. We are very proud to organize the Ski World Championships in Falun in 2027!\" \/>\n<meta property=\"og:url\" content=\"https:\/\/falun2027.com\/sv\/dromlaget\/\" \/>\n<meta property=\"og:site_name\" content=\"Falun 2027\" \/>\n<meta property=\"article:modified_time\" content=\"2026-02-12T17:11:44+00:00\" \/>\n<meta name=\"twitter:card\" content=\"summary_large_image\" \/>\n<meta name=\"twitter:label1\" content=\"Ber\u00e4knad l\u00e4stid\" \/>\n\t<meta name=\"twitter:data1\" content=\"1 minut\" \/>\n<script type=\"application\/ld+json\" class=\"yoast-schema-graph\">{\"@context\":\"https:\\\/\\\/schema.org\",\"@graph\":[{\"@type\":\"WebPage\",\"@id\":\"https:\\\/\\\/falun2027.com\\\/sv\\\/dromlaget\\\/\",\"url\":\"https:\\\/\\\/falun2027.com\\\/sv\\\/dromlaget\\\/\",\"name\":\"FIS Nordic World Ski Championships 2027 in Falun\",\"isPartOf\":{\"@id\":\"https:\\\/\\\/falun2027.com\\\/sv\\\/#website\"},\"datePublished\":\"2025-04-28T13:42:11+00:00\",\"dateModified\":\"2026-02-12T17:11:44+00:00\",\"description\":\"A WC in Falun engages us who live and work in Falun and Dalarna. We are very proud to organize the Ski World Championships in Falun in 2027!\",\"breadcrumb\":{\"@id\":\"https:\\\/\\\/falun2027.com\\\/sv\\\/dromlaget\\\/#breadcrumb\"},\"inLanguage\":\"sv-SE\",\"potentialAction\":[{\"@type\":\"ReadAction\",\"target\":[\"https:\\\/\\\/falun2027.com\\\/sv\\\/dromlaget\\\/\"]}]},{\"@type\":\"BreadcrumbList\",\"@id\":\"https:\\\/\\\/falun2027.com\\\/sv\\\/dromlaget\\\/#breadcrumb\",\"itemListElement\":[{\"@type\":\"ListItem\",\"position\":1,\"name\":\"Hem\",\"item\":\"https:\\\/\\\/falun2027.com\\\/sv\\\/\"},{\"@type\":\"ListItem\",\"position\":2,\"name\":\"Dr\u00f6mlaget\"}]},{\"@type\":\"WebSite\",\"@id\":\"https:\\\/\\\/falun2027.com\\\/sv\\\/#website\",\"url\":\"https:\\\/\\\/falun2027.com\\\/sv\\\/\",\"name\":\"Falun 2027\",\"description\":\"Skid-VM Falun 2027\",\"potentialAction\":[{\"@type\":\"SearchAction\",\"target\":{\"@type\":\"EntryPoint\",\"urlTemplate\":\"https:\\\/\\\/falun2027.com\\\/sv\\\/?s={search_term_string}\"},\"query-input\":{\"@type\":\"PropertyValueSpecification\",\"valueRequired\":true,\"valueName\":\"search_term_string\"}}],\"inLanguage\":\"sv-SE\"}]}<\/script>\n<!-- \/ Yoast SEO plugin. -->","yoast_head_json":{"title":"FIS Nordic World Ski Championships 2027 in Falun","description":"A WC in Falun engages us who live and work in Falun and Dalarna. We are very proud to organize the Ski World Championships in Falun in 2027!","robots":{"index":"index","follow":"follow","max-snippet":"max-snippet:-1","max-image-preview":"max-image-preview:large","max-video-preview":"max-video-preview:-1"},"canonical":"https:\/\/falun2027.com\/sv\/dromlaget\/","og_locale":"sv_SE","og_type":"article","og_title":"FIS Nordic World Ski Championships 2027 in Falun","og_description":"A WC in Falun engages us who live and work in Falun and Dalarna. We are very proud to organize the Ski World Championships in Falun in 2027!","og_url":"https:\/\/falun2027.com\/sv\/dromlaget\/","og_site_name":"Falun 2027","article_modified_time":"2026-02-12T17:11:44+00:00","twitter_card":"summary_large_image","twitter_misc":{"Ber\u00e4knad l\u00e4stid":"1 minut"},"schema":{"@context":"https:\/\/schema.org","@graph":[{"@type":"WebPage","@id":"https:\/\/falun2027.com\/sv\/dromlaget\/","url":"https:\/\/falun2027.com\/sv\/dromlaget\/","name":"FIS Nordic World Ski Championships 2027 in Falun","isPartOf":{"@id":"https:\/\/falun2027.com\/sv\/#website"},"datePublished":"2025-04-28T13:42:11+00:00","dateModified":"2026-02-12T17:11:44+00:00","description":"A WC in Falun engages us who live and work in Falun and Dalarna. We are very proud to organize the Ski World Championships in Falun in 2027!","breadcrumb":{"@id":"https:\/\/falun2027.com\/sv\/dromlaget\/#breadcrumb"},"inLanguage":"sv-SE","potentialAction":[{"@type":"ReadAction","target":["https:\/\/falun2027.com\/sv\/dromlaget\/"]}]},{"@type":"BreadcrumbList","@id":"https:\/\/falun2027.com\/sv\/dromlaget\/#breadcrumb","itemListElement":[{"@type":"ListItem","position":1,"name":"Hem","item":"https:\/\/falun2027.com\/sv\/"},{"@type":"ListItem","position":2,"name":"Dr\u00f6mlaget"}]},{"@type":"WebSite","@id":"https:\/\/falun2027.com\/sv\/#website","url":"https:\/\/falun2027.com\/sv\/","name":"Falun 2027","description":"Skid-VM Falun 2027","potentialAction":[{"@type":"SearchAction","target":{"@type":"EntryPoint","urlTemplate":"https:\/\/falun2027.com\/sv\/?s={search_term_string}"},"query-input":{"@type":"PropertyValueSpecification","valueRequired":true,"valueName":"search_term_string"}}],"inLanguage":"sv-SE"}]}},"_links":{"self":[{"href":"https:\/\/falun2027.com\/sv\/wp-json\/wp\/v2\/pages\/5192","targetHints":{"allow":["GET"]}}],"collection":[{"href":"https:\/\/falun2027.com\/sv\/wp-json\/wp\/v2\/pages"}],"about":[{"href":"https:\/\/falun2027.com\/sv\/wp-json\/wp\/v2\/types\/page"}],"author":[{"embeddable":true,"href":"https:\/\/falun2027.com\/sv\/wp-json\/wp\/v2\/users\/1"}],"replies":[{"embeddable":true,"href":"https:\/\/falun2027.com\/sv\/wp-json\/wp\/v2\/comments?post=5192"}],"version-history":[{"count":11,"href":"https:\/\/falun2027.com\/sv\/wp-json\/wp\/v2\/pages\/5192\/revisions"}],"predecessor-version":[{"id":7437,"href":"https:\/\/falun2027.com\/sv\/wp-json\/wp\/v2\/pages\/5192\/revisions\/7437"}],"wp:attachment":[{"href":"https:\/\/falun2027.com\/sv\/wp-json\/wp\/v2\/media?parent=5192"}],"wp:term":[{"taxonomy":"layout","embeddable":true,"href":"https:\/\/falun2027.com\/sv\/wp-json\/wp\/v2\/layout?post=5192"}],"curies":[{"name":"wp","href":"https:\/\/api.w.org\/{rel}","templated":true}]}}