{"id":4911,"date":"2024-02-02T15:45:14","date_gmt":"2024-02-02T13:45:14","guid":{"rendered":"https:\/\/falun2027.com\/falun-2\/"},"modified":"2026-04-22T12:49:18","modified_gmt":"2026-04-22T10:49:18","slug":"boende","status":"publish","type":"page","link":"https:\/\/falun2027.com\/sv\/boende\/","title":{"rendered":"Boende"},"content":{"rendered":"\r\n<h1><\/h1>\r\n\r\n<h1><\/h1>\r\n\r\n<p><a href=\"https:\/\/www.falun.se\/gora--uppleva\/motionsanlaggningar\/lugnet.html\" target=\"_self\"> Klicka h\u00e4r <\/a><\/p>\r\n<h1><\/h1>\r\n\r\n<p><a href=\"https:\/\/skidspelen.se\/\" target=\"_self\"> Klicka h\u00e4r <\/a><\/p>\r\n<h1><\/h1>\r\n\r\n<p><a href=\"https:\/\/www.falun.se\/varldsarvet-falun.html\" target=\"_self\"> Klicka h\u00e4r <\/a><\/p>\r\n<h1><\/h1>\r\n\r\n<p><a href=\"https:\/\/www.visitdalarna.se\" target=\"_self\"> Klicka h\u00e4r <\/a><\/p>\r\n","protected":false},"excerpt":{"rendered":"<p>Klicka h\u00e4r Klicka h\u00e4r Klicka h\u00e4r Klicka h\u00e4r<\/p>\n","protected":false},"author":1,"featured_media":0,"parent":0,"menu_order":11,"comment_status":"closed","ping_status":"closed","template":"","meta":{"_acf_changed":false,"footnotes":""},"layout":[],"class_list":["post-4911","page","type-page","status-publish","hentry"],"acf":[],"yoast_head":"<!-- This site is optimized with the Yoast SEO plugin v27.4 - https:\/\/yoast.com\/product\/yoast-seo-wordpress\/ -->\n<title>FIS Nordic World Ski Championships 2027 in Falun<\/title>\n<meta name=\"description\" content=\"A WC in Falun engages us who live and work in Falun and Dalarna. We are very proud to organize the Ski World Championships in Falun in 2027!\" \/>\n<meta name=\"robots\" content=\"index, follow, max-snippet:-1, max-image-preview:large, max-video-preview:-1\" \/>\n<link rel=\"canonical\" href=\"https:\/\/falun2027.com\/sv\/boende\/\" \/>\n<meta property=\"og:locale\" content=\"sv_SE\" \/>\n<meta property=\"og:type\" content=\"article\" \/>\n<meta property=\"og:title\" content=\"FIS Nordic World Ski Championships 2027 in Falun\" \/>\n<meta property=\"og:description\" content=\"A WC in Falun engages us who live and work in Falun and Dalarna. We are very proud to organize the Ski World Championships in Falun in 2027!\" \/>\n<meta property=\"og:url\" content=\"https:\/\/falun2027.com\/sv\/boende\/\" \/>\n<meta property=\"og:site_name\" content=\"Falun 2027\" \/>\n<meta property=\"article:modified_time\" content=\"2026-04-22T10:49:18+00:00\" \/>\n<meta name=\"twitter:card\" content=\"summary_large_image\" \/>\n<meta name=\"twitter:label1\" content=\"Ber\u00e4knad l\u00e4stid\" \/>\n\t<meta name=\"twitter:data1\" content=\"5 minuter\" \/>\n<script type=\"application\/ld+json\" class=\"yoast-schema-graph\">{\"@context\":\"https:\\\/\\\/schema.org\",\"@graph\":[{\"@type\":\"WebPage\",\"@id\":\"https:\\\/\\\/falun2027.com\\\/sv\\\/boende\\\/\",\"url\":\"https:\\\/\\\/falun2027.com\\\/sv\\\/boende\\\/\",\"name\":\"FIS Nordic World Ski Championships 2027 in Falun\",\"isPartOf\":{\"@id\":\"https:\\\/\\\/falun2027.com\\\/sv\\\/#website\"},\"datePublished\":\"2024-02-02T13:45:14+00:00\",\"dateModified\":\"2026-04-22T10:49:18+00:00\",\"description\":\"A WC in Falun engages us who live and work in Falun and Dalarna. We are very proud to organize the Ski World Championships in Falun in 2027!\",\"breadcrumb\":{\"@id\":\"https:\\\/\\\/falun2027.com\\\/sv\\\/boende\\\/#breadcrumb\"},\"inLanguage\":\"sv-SE\",\"potentialAction\":[{\"@type\":\"ReadAction\",\"target\":[\"https:\\\/\\\/falun2027.com\\\/sv\\\/boende\\\/\"]}]},{\"@type\":\"BreadcrumbList\",\"@id\":\"https:\\\/\\\/falun2027.com\\\/sv\\\/boende\\\/#breadcrumb\",\"itemListElement\":[{\"@type\":\"ListItem\",\"position\":1,\"name\":\"Hem\",\"item\":\"https:\\\/\\\/falun2027.com\\\/sv\\\/\"},{\"@type\":\"ListItem\",\"position\":2,\"name\":\"Boende\"}]},{\"@type\":\"WebSite\",\"@id\":\"https:\\\/\\\/falun2027.com\\\/sv\\\/#website\",\"url\":\"https:\\\/\\\/falun2027.com\\\/sv\\\/\",\"name\":\"Falun 2027\",\"description\":\"Skid-VM Falun 2027\",\"potentialAction\":[{\"@type\":\"SearchAction\",\"target\":{\"@type\":\"EntryPoint\",\"urlTemplate\":\"https:\\\/\\\/falun2027.com\\\/sv\\\/?s={search_term_string}\"},\"query-input\":{\"@type\":\"PropertyValueSpecification\",\"valueRequired\":true,\"valueName\":\"search_term_string\"}}],\"inLanguage\":\"sv-SE\"}]}<\/script>\n<!-- \/ Yoast SEO plugin. -->","yoast_head_json":{"title":"FIS Nordic World Ski Championships 2027 in Falun","description":"A WC in Falun engages us who live and work in Falun and Dalarna. We are very proud to organize the Ski World Championships in Falun in 2027!","robots":{"index":"index","follow":"follow","max-snippet":"max-snippet:-1","max-image-preview":"max-image-preview:large","max-video-preview":"max-video-preview:-1"},"canonical":"https:\/\/falun2027.com\/sv\/boende\/","og_locale":"sv_SE","og_type":"article","og_title":"FIS Nordic World Ski Championships 2027 in Falun","og_description":"A WC in Falun engages us who live and work in Falun and Dalarna. We are very proud to organize the Ski World Championships in Falun in 2027!","og_url":"https:\/\/falun2027.com\/sv\/boende\/","og_site_name":"Falun 2027","article_modified_time":"2026-04-22T10:49:18+00:00","twitter_card":"summary_large_image","twitter_misc":{"Ber\u00e4knad l\u00e4stid":"5 minuter"},"schema":{"@context":"https:\/\/schema.org","@graph":[{"@type":"WebPage","@id":"https:\/\/falun2027.com\/sv\/boende\/","url":"https:\/\/falun2027.com\/sv\/boende\/","name":"FIS Nordic World Ski Championships 2027 in Falun","isPartOf":{"@id":"https:\/\/falun2027.com\/sv\/#website"},"datePublished":"2024-02-02T13:45:14+00:00","dateModified":"2026-04-22T10:49:18+00:00","description":"A WC in Falun engages us who live and work in Falun and Dalarna. We are very proud to organize the Ski World Championships in Falun in 2027!","breadcrumb":{"@id":"https:\/\/falun2027.com\/sv\/boende\/#breadcrumb"},"inLanguage":"sv-SE","potentialAction":[{"@type":"ReadAction","target":["https:\/\/falun2027.com\/sv\/boende\/"]}]},{"@type":"BreadcrumbList","@id":"https:\/\/falun2027.com\/sv\/boende\/#breadcrumb","itemListElement":[{"@type":"ListItem","position":1,"name":"Hem","item":"https:\/\/falun2027.com\/sv\/"},{"@type":"ListItem","position":2,"name":"Boende"}]},{"@type":"WebSite","@id":"https:\/\/falun2027.com\/sv\/#website","url":"https:\/\/falun2027.com\/sv\/","name":"Falun 2027","description":"Skid-VM Falun 2027","potentialAction":[{"@type":"SearchAction","target":{"@type":"EntryPoint","urlTemplate":"https:\/\/falun2027.com\/sv\/?s={search_term_string}"},"query-input":{"@type":"PropertyValueSpecification","valueRequired":true,"valueName":"search_term_string"}}],"inLanguage":"sv-SE"}]}},"_links":{"self":[{"href":"https:\/\/falun2027.com\/sv\/wp-json\/wp\/v2\/pages\/4911","targetHints":{"allow":["GET"]}}],"collection":[{"href":"https:\/\/falun2027.com\/sv\/wp-json\/wp\/v2\/pages"}],"about":[{"href":"https:\/\/falun2027.com\/sv\/wp-json\/wp\/v2\/types\/page"}],"author":[{"embeddable":true,"href":"https:\/\/falun2027.com\/sv\/wp-json\/wp\/v2\/users\/1"}],"replies":[{"embeddable":true,"href":"https:\/\/falun2027.com\/sv\/wp-json\/wp\/v2\/comments?post=4911"}],"version-history":[{"count":14,"href":"https:\/\/falun2027.com\/sv\/wp-json\/wp\/v2\/pages\/4911\/revisions"}],"predecessor-version":[{"id":7967,"href":"https:\/\/falun2027.com\/sv\/wp-json\/wp\/v2\/pages\/4911\/revisions\/7967"}],"wp:attachment":[{"href":"https:\/\/falun2027.com\/sv\/wp-json\/wp\/v2\/media?parent=4911"}],"wp:term":[{"taxonomy":"layout","embeddable":true,"href":"https:\/\/falun2027.com\/sv\/wp-json\/wp\/v2\/layout?post=4911"}],"curies":[{"name":"wp","href":"https:\/\/api.w.org\/{rel}","templated":true}]}}