{"id":4365,"date":"2023-11-27T18:15:51","date_gmt":"2023-11-27T16:15:51","guid":{"rendered":"https:\/\/falun2027.com\/?page_id=4365"},"modified":"2025-11-19T16:13:47","modified_gmt":"2025-11-19T14:13:47","slug":"historia","status":"publish","type":"page","link":"https:\/\/falun2027.com\/sv\/historia\/","title":{"rendered":"Historia"},"content":{"rendered":"\n\n\t<h1><\/h1>\n\t\n\t<h2><\/h2>\n\t\n\t\t\t<a href=\"https:\/\/www.falun.se\/kommun--demokrati\/skid-vm-2027-i-falun\/historiska-skid-vm-staden-falun\/skid-vm-1954.html\" target=\"_self\">\n\t\t\t\t\t\t\tKlicka h\u00e4r\n\t\t\t\t\t<\/a>\n\t<h2><\/h2>\n\t\n\t\t\t<a href=\"https:\/\/www.falun.se\/kommun--demokrati\/skid-vm-2027-i-falun\/historiska-skid-vm-staden-falun\/skid-vm-1974.html\" target=\"_self\">\n\t\t\t\t\t\t\tKlicka h\u00e4r\n\t\t\t\t\t<\/a>\n\t<h2><\/h2>\n\t\n\t\t\t<a href=\"https:\/\/www.falun.se\/kommun--demokrati\/skid-vm-2027-i-falun\/historiska-skid-vm-staden-falun\/skid-vm-1993.html\" target=\"_self\">\n\t\t\t\t\t\t\tKlicka h\u00e4r\n\t\t\t\t\t<\/a>\n\t<h2><\/h2>\n\t\n\t\t\t<a href=\"https:\/\/www.falun.se\/kommun--demokrati\/skid-vm-2027-i-falun\/historiska-skid-vm-staden-falun\/skid-vm-2015.html\" target=\"_self\">\n\t\t\t\t\t\t\tKlicka h\u00e4r\n\t\t\t\t\t<\/a>\n\n","protected":false},"excerpt":{"rendered":"<p>Klicka h\u00e4r Klicka h\u00e4r Klicka h\u00e4r Klicka h\u00e4r<\/p>\n","protected":false},"author":1,"featured_media":0,"parent":0,"menu_order":14,"comment_status":"closed","ping_status":"closed","template":"","meta":{"_acf_changed":false,"footnotes":""},"layout":[],"class_list":["post-4365","page","type-page","status-publish","hentry"],"acf":[],"yoast_head":"<!-- This site is optimized with the Yoast SEO plugin v27.4 - https:\/\/yoast.com\/product\/yoast-seo-wordpress\/ -->\n<title>FIS Nordic World Ski Championships 2027 in Falun<\/title>\n<meta name=\"description\" content=\"A WC in Falun engages us who live and work in Falun and Dalarna. We are very proud to organize the Ski World Championships in Falun in 2027!\" \/>\n<meta name=\"robots\" content=\"index, follow, max-snippet:-1, max-image-preview:large, max-video-preview:-1\" \/>\n<link rel=\"canonical\" href=\"https:\/\/falun2027.com\/sv\/historia\/\" \/>\n<meta property=\"og:locale\" content=\"sv_SE\" \/>\n<meta property=\"og:type\" content=\"article\" \/>\n<meta property=\"og:title\" content=\"FIS Nordic World Ski Championships 2027 in Falun\" \/>\n<meta property=\"og:description\" content=\"A WC in Falun engages us who live and work in Falun and Dalarna. We are very proud to organize the Ski World Championships in Falun in 2027!\" \/>\n<meta property=\"og:url\" content=\"https:\/\/falun2027.com\/sv\/historia\/\" \/>\n<meta property=\"og:site_name\" content=\"Falun 2027\" \/>\n<meta property=\"article:modified_time\" content=\"2025-11-19T14:13:47+00:00\" \/>\n<meta name=\"twitter:card\" content=\"summary_large_image\" \/>\n<meta name=\"twitter:label1\" content=\"Ber\u00e4knad l\u00e4stid\" \/>\n\t<meta name=\"twitter:data1\" content=\"1 minut\" \/>\n<script type=\"application\/ld+json\" class=\"yoast-schema-graph\">{\"@context\":\"https:\\\/\\\/schema.org\",\"@graph\":[{\"@type\":\"WebPage\",\"@id\":\"https:\\\/\\\/falun2027.com\\\/sv\\\/historia\\\/\",\"url\":\"https:\\\/\\\/falun2027.com\\\/sv\\\/historia\\\/\",\"name\":\"FIS Nordic World Ski Championships 2027 in Falun\",\"isPartOf\":{\"@id\":\"https:\\\/\\\/falun2027.com\\\/sv\\\/#website\"},\"datePublished\":\"2023-11-27T16:15:51+00:00\",\"dateModified\":\"2025-11-19T14:13:47+00:00\",\"description\":\"A WC in Falun engages us who live and work in Falun and Dalarna. We are very proud to organize the Ski World Championships in Falun in 2027!\",\"breadcrumb\":{\"@id\":\"https:\\\/\\\/falun2027.com\\\/sv\\\/historia\\\/#breadcrumb\"},\"inLanguage\":\"sv-SE\",\"potentialAction\":[{\"@type\":\"ReadAction\",\"target\":[\"https:\\\/\\\/falun2027.com\\\/sv\\\/historia\\\/\"]}]},{\"@type\":\"BreadcrumbList\",\"@id\":\"https:\\\/\\\/falun2027.com\\\/sv\\\/historia\\\/#breadcrumb\",\"itemListElement\":[{\"@type\":\"ListItem\",\"position\":1,\"name\":\"Hem\",\"item\":\"https:\\\/\\\/falun2027.com\\\/sv\\\/\"},{\"@type\":\"ListItem\",\"position\":2,\"name\":\"Historia\"}]},{\"@type\":\"WebSite\",\"@id\":\"https:\\\/\\\/falun2027.com\\\/sv\\\/#website\",\"url\":\"https:\\\/\\\/falun2027.com\\\/sv\\\/\",\"name\":\"Falun 2027\",\"description\":\"Skid-VM Falun 2027\",\"potentialAction\":[{\"@type\":\"SearchAction\",\"target\":{\"@type\":\"EntryPoint\",\"urlTemplate\":\"https:\\\/\\\/falun2027.com\\\/sv\\\/?s={search_term_string}\"},\"query-input\":{\"@type\":\"PropertyValueSpecification\",\"valueRequired\":true,\"valueName\":\"search_term_string\"}}],\"inLanguage\":\"sv-SE\"}]}<\/script>\n<!-- \/ Yoast SEO plugin. -->","yoast_head_json":{"title":"FIS Nordic World Ski Championships 2027 in Falun","description":"A WC in Falun engages us who live and work in Falun and Dalarna. We are very proud to organize the Ski World Championships in Falun in 2027!","robots":{"index":"index","follow":"follow","max-snippet":"max-snippet:-1","max-image-preview":"max-image-preview:large","max-video-preview":"max-video-preview:-1"},"canonical":"https:\/\/falun2027.com\/sv\/historia\/","og_locale":"sv_SE","og_type":"article","og_title":"FIS Nordic World Ski Championships 2027 in Falun","og_description":"A WC in Falun engages us who live and work in Falun and Dalarna. We are very proud to organize the Ski World Championships in Falun in 2027!","og_url":"https:\/\/falun2027.com\/sv\/historia\/","og_site_name":"Falun 2027","article_modified_time":"2025-11-19T14:13:47+00:00","twitter_card":"summary_large_image","twitter_misc":{"Ber\u00e4knad l\u00e4stid":"1 minut"},"schema":{"@context":"https:\/\/schema.org","@graph":[{"@type":"WebPage","@id":"https:\/\/falun2027.com\/sv\/historia\/","url":"https:\/\/falun2027.com\/sv\/historia\/","name":"FIS Nordic World Ski Championships 2027 in Falun","isPartOf":{"@id":"https:\/\/falun2027.com\/sv\/#website"},"datePublished":"2023-11-27T16:15:51+00:00","dateModified":"2025-11-19T14:13:47+00:00","description":"A WC in Falun engages us who live and work in Falun and Dalarna. We are very proud to organize the Ski World Championships in Falun in 2027!","breadcrumb":{"@id":"https:\/\/falun2027.com\/sv\/historia\/#breadcrumb"},"inLanguage":"sv-SE","potentialAction":[{"@type":"ReadAction","target":["https:\/\/falun2027.com\/sv\/historia\/"]}]},{"@type":"BreadcrumbList","@id":"https:\/\/falun2027.com\/sv\/historia\/#breadcrumb","itemListElement":[{"@type":"ListItem","position":1,"name":"Hem","item":"https:\/\/falun2027.com\/sv\/"},{"@type":"ListItem","position":2,"name":"Historia"}]},{"@type":"WebSite","@id":"https:\/\/falun2027.com\/sv\/#website","url":"https:\/\/falun2027.com\/sv\/","name":"Falun 2027","description":"Skid-VM Falun 2027","potentialAction":[{"@type":"SearchAction","target":{"@type":"EntryPoint","urlTemplate":"https:\/\/falun2027.com\/sv\/?s={search_term_string}"},"query-input":{"@type":"PropertyValueSpecification","valueRequired":true,"valueName":"search_term_string"}}],"inLanguage":"sv-SE"}]}},"_links":{"self":[{"href":"https:\/\/falun2027.com\/sv\/wp-json\/wp\/v2\/pages\/4365","targetHints":{"allow":["GET"]}}],"collection":[{"href":"https:\/\/falun2027.com\/sv\/wp-json\/wp\/v2\/pages"}],"about":[{"href":"https:\/\/falun2027.com\/sv\/wp-json\/wp\/v2\/types\/page"}],"author":[{"embeddable":true,"href":"https:\/\/falun2027.com\/sv\/wp-json\/wp\/v2\/users\/1"}],"replies":[{"embeddable":true,"href":"https:\/\/falun2027.com\/sv\/wp-json\/wp\/v2\/comments?post=4365"}],"version-history":[{"count":0,"href":"https:\/\/falun2027.com\/sv\/wp-json\/wp\/v2\/pages\/4365\/revisions"}],"wp:attachment":[{"href":"https:\/\/falun2027.com\/sv\/wp-json\/wp\/v2\/media?parent=4365"}],"wp:term":[{"taxonomy":"layout","embeddable":true,"href":"https:\/\/falun2027.com\/sv\/wp-json\/wp\/v2\/layout?post=4365"}],"curies":[{"name":"wp","href":"https:\/\/api.w.org\/{rel}","templated":true}]}}