{"id":4359,"date":"2023-11-14T13:05:07","date_gmt":"2023-11-14T11:05:07","guid":{"rendered":"https:\/\/falun2027.com\/?page_id=4359"},"modified":"2026-04-16T11:07:03","modified_gmt":"2026-04-16T09:07:03","slug":"home","status":"publish","type":"page","link":"https:\/\/falun2027.com\/sv\/","title":{"rendered":"Hem"},"content":{"rendered":"\r\n<h1><\/h1>\r\n\r\n<h2>NYHETER<\/h2>\r\n<p><a href=\"https:\/\/www.youtube.com\/@falun2027\" target=\"_blank\" rel=\"noopener\"> <img loading=\"lazy\" decoding=\"async\" title=\"YouTube_full-color_icon_(2017).svg\" src=\"https:\/\/falun2027.com\/wp-content\/uploads\/2023\/12\/YouTube_full-color_icon_2017.svg_.png\" sizes=\"auto, (max-width: 1024px) 100vw, 1024px\" srcset=\"https:\/\/falun2027.com\/wp-content\/uploads\/2023\/12\/YouTube_full-color_icon_2017.svg_.png 1024w, https:\/\/falun2027.com\/wp-content\/uploads\/2023\/12\/YouTube_full-color_icon_2017.svg_-300x207.png 300w, https:\/\/falun2027.com\/wp-content\/uploads\/2023\/12\/YouTube_full-color_icon_2017.svg_-768x531.png 768w\" alt=\"YouTube_full-color_icon_(2017).svg\" width=\"1024\" height=\"708\" \/> <\/a><\/p>\r\n<h3><\/h3>\r\n<p><iframe allowfullscreen=\"allowfullscreen\" data-src=\"https:\/\/www.youtube.com\/embed\/-_Lg2pOwDX8?feature=oembed&amp;start&amp;end&amp;wmode=opaque&amp;loop=0&amp;controls=1&amp;mute=0&amp;rel=0&amp;modestbranding=0\"><\/iframe> Play Video<\/p>\r\n<h3><\/h3>\r\n\r\n<h3><\/h3>\r\n\r\n<h3><\/h3>\r\n\r\n<h3><\/h3>\r\n\r\n<h3><\/h3>\r\n\r\n<h3><\/h3>\r\n\r\n<h2><\/h2>\r\n\r\n<h2><\/h2>\r\n\r\n<p>&nbsp;<\/p>\r\n","protected":false},"excerpt":{"rendered":"<p>NYHETER Play Video &nbsp;<\/p>\n","protected":false},"author":1,"featured_media":6135,"parent":0,"menu_order":16,"comment_status":"closed","ping_status":"closed","template":"","meta":{"_acf_changed":false,"footnotes":""},"layout":[],"class_list":["post-4359","page","type-page","status-publish","has-post-thumbnail","hentry"],"acf":[],"yoast_head":"<!-- This site is optimized with the Yoast SEO plugin v27.4 - https:\/\/yoast.com\/product\/yoast-seo-wordpress\/ -->\n<title>Skid-VM 2027 i Falun - V\u00e4rdar f\u00f6r v\u00e4rldsm\u00e4sterskapen 2027<\/title>\n<meta name=\"description\" content=\"Detta \u00e4r Faluns officiella webbplats f\u00f6r Skid-VM 2027.\" \/>\n<meta name=\"robots\" content=\"index, follow, max-snippet:-1, max-image-preview:large, max-video-preview:-1\" \/>\n<link rel=\"canonical\" href=\"https:\/\/falun2027.com\/sv\/\" \/>\n<meta property=\"og:locale\" content=\"sv_SE\" \/>\n<meta property=\"og:type\" content=\"article\" \/>\n<meta property=\"og:title\" content=\"Skid-VM 2027 i Falun - V\u00e4rdar f\u00f6r v\u00e4rldsm\u00e4sterskapen 2027\" \/>\n<meta property=\"og:description\" content=\"Detta \u00e4r Faluns officiella webbplats f\u00f6r Skid-VM 2027.\" \/>\n<meta property=\"og:url\" content=\"https:\/\/falun2027.com\/sv\/\" \/>\n<meta property=\"og:site_name\" content=\"Falun 2027\" \/>\n<meta property=\"article:modified_time\" content=\"2026-04-16T09:07:03+00:00\" \/>\n<meta property=\"og:image\" content=\"https:\/\/falun2027.com\/wp-content\/uploads\/2025\/11\/1.jpg\" \/>\n\t<meta property=\"og:image:width\" content=\"2000\" \/>\n\t<meta property=\"og:image:height\" content=\"1331\" \/>\n\t<meta property=\"og:image:type\" content=\"image\/jpeg\" \/>\n<meta name=\"twitter:card\" content=\"summary_large_image\" \/>\n<meta name=\"twitter:label1\" content=\"Ber\u00e4knad l\u00e4stid\" \/>\n\t<meta name=\"twitter:data1\" content=\"2 minuter\" \/>\n<script type=\"application\/ld+json\" class=\"yoast-schema-graph\">{\"@context\":\"https:\\\/\\\/schema.org\",\"@graph\":[{\"@type\":\"WebPage\",\"@id\":\"https:\\\/\\\/falun2027.com\\\/sv\\\/\",\"url\":\"https:\\\/\\\/falun2027.com\\\/sv\\\/\",\"name\":\"Skid-VM 2027 i Falun - V\u00e4rdar f\u00f6r v\u00e4rldsm\u00e4sterskapen 2027\",\"isPartOf\":{\"@id\":\"https:\\\/\\\/falun2027.com\\\/sv\\\/#website\"},\"primaryImageOfPage\":{\"@id\":\"https:\\\/\\\/falun2027.com\\\/sv\\\/#primaryimage\"},\"image\":{\"@id\":\"https:\\\/\\\/falun2027.com\\\/sv\\\/#primaryimage\"},\"thumbnailUrl\":\"https:\\\/\\\/falun2027.com\\\/wp-content\\\/uploads\\\/2025\\\/11\\\/1.jpg\",\"datePublished\":\"2023-11-14T11:05:07+00:00\",\"dateModified\":\"2026-04-16T09:07:03+00:00\",\"description\":\"Detta \u00e4r Faluns officiella webbplats f\u00f6r Skid-VM 2027.\",\"breadcrumb\":{\"@id\":\"https:\\\/\\\/falun2027.com\\\/sv\\\/#breadcrumb\"},\"inLanguage\":\"sv-SE\",\"potentialAction\":[{\"@type\":\"ReadAction\",\"target\":[\"https:\\\/\\\/falun2027.com\\\/sv\\\/\"]}]},{\"@type\":\"ImageObject\",\"inLanguage\":\"sv-SE\",\"@id\":\"https:\\\/\\\/falun2027.com\\\/sv\\\/#primaryimage\",\"url\":\"https:\\\/\\\/falun2027.com\\\/wp-content\\\/uploads\\\/2025\\\/11\\\/1.jpg\",\"contentUrl\":\"https:\\\/\\\/falun2027.com\\\/wp-content\\\/uploads\\\/2025\\\/11\\\/1.jpg\",\"width\":2000,\"height\":1331},{\"@type\":\"BreadcrumbList\",\"@id\":\"https:\\\/\\\/falun2027.com\\\/sv\\\/#breadcrumb\",\"itemListElement\":[{\"@type\":\"ListItem\",\"position\":1,\"name\":\"Hem\",\"item\":\"https:\\\/\\\/falun2027.com\\\/sv\\\/\"},{\"@type\":\"ListItem\",\"position\":2,\"name\":\"Hem\"}]},{\"@type\":\"WebSite\",\"@id\":\"https:\\\/\\\/falun2027.com\\\/sv\\\/#website\",\"url\":\"https:\\\/\\\/falun2027.com\\\/sv\\\/\",\"name\":\"Falun 2027\",\"description\":\"Skid-VM Falun 2027\",\"potentialAction\":[{\"@type\":\"SearchAction\",\"target\":{\"@type\":\"EntryPoint\",\"urlTemplate\":\"https:\\\/\\\/falun2027.com\\\/sv\\\/?s={search_term_string}\"},\"query-input\":{\"@type\":\"PropertyValueSpecification\",\"valueRequired\":true,\"valueName\":\"search_term_string\"}}],\"inLanguage\":\"sv-SE\"}]}<\/script>\n<!-- \/ Yoast SEO plugin. -->","yoast_head_json":{"title":"Skid-VM 2027 i Falun - V\u00e4rdar f\u00f6r v\u00e4rldsm\u00e4sterskapen 2027","description":"Detta \u00e4r Faluns officiella webbplats f\u00f6r Skid-VM 2027.","robots":{"index":"index","follow":"follow","max-snippet":"max-snippet:-1","max-image-preview":"max-image-preview:large","max-video-preview":"max-video-preview:-1"},"canonical":"https:\/\/falun2027.com\/sv\/","og_locale":"sv_SE","og_type":"article","og_title":"Skid-VM 2027 i Falun - V\u00e4rdar f\u00f6r v\u00e4rldsm\u00e4sterskapen 2027","og_description":"Detta \u00e4r Faluns officiella webbplats f\u00f6r Skid-VM 2027.","og_url":"https:\/\/falun2027.com\/sv\/","og_site_name":"Falun 2027","article_modified_time":"2026-04-16T09:07:03+00:00","og_image":[{"width":2000,"height":1331,"url":"https:\/\/falun2027.com\/wp-content\/uploads\/2025\/11\/1.jpg","type":"image\/jpeg"}],"twitter_card":"summary_large_image","twitter_misc":{"Ber\u00e4knad l\u00e4stid":"2 minuter"},"schema":{"@context":"https:\/\/schema.org","@graph":[{"@type":"WebPage","@id":"https:\/\/falun2027.com\/sv\/","url":"https:\/\/falun2027.com\/sv\/","name":"Skid-VM 2027 i Falun - V\u00e4rdar f\u00f6r v\u00e4rldsm\u00e4sterskapen 2027","isPartOf":{"@id":"https:\/\/falun2027.com\/sv\/#website"},"primaryImageOfPage":{"@id":"https:\/\/falun2027.com\/sv\/#primaryimage"},"image":{"@id":"https:\/\/falun2027.com\/sv\/#primaryimage"},"thumbnailUrl":"https:\/\/falun2027.com\/wp-content\/uploads\/2025\/11\/1.jpg","datePublished":"2023-11-14T11:05:07+00:00","dateModified":"2026-04-16T09:07:03+00:00","description":"Detta \u00e4r Faluns officiella webbplats f\u00f6r Skid-VM 2027.","breadcrumb":{"@id":"https:\/\/falun2027.com\/sv\/#breadcrumb"},"inLanguage":"sv-SE","potentialAction":[{"@type":"ReadAction","target":["https:\/\/falun2027.com\/sv\/"]}]},{"@type":"ImageObject","inLanguage":"sv-SE","@id":"https:\/\/falun2027.com\/sv\/#primaryimage","url":"https:\/\/falun2027.com\/wp-content\/uploads\/2025\/11\/1.jpg","contentUrl":"https:\/\/falun2027.com\/wp-content\/uploads\/2025\/11\/1.jpg","width":2000,"height":1331},{"@type":"BreadcrumbList","@id":"https:\/\/falun2027.com\/sv\/#breadcrumb","itemListElement":[{"@type":"ListItem","position":1,"name":"Hem","item":"https:\/\/falun2027.com\/sv\/"},{"@type":"ListItem","position":2,"name":"Hem"}]},{"@type":"WebSite","@id":"https:\/\/falun2027.com\/sv\/#website","url":"https:\/\/falun2027.com\/sv\/","name":"Falun 2027","description":"Skid-VM Falun 2027","potentialAction":[{"@type":"SearchAction","target":{"@type":"EntryPoint","urlTemplate":"https:\/\/falun2027.com\/sv\/?s={search_term_string}"},"query-input":{"@type":"PropertyValueSpecification","valueRequired":true,"valueName":"search_term_string"}}],"inLanguage":"sv-SE"}]}},"_links":{"self":[{"href":"https:\/\/falun2027.com\/sv\/wp-json\/wp\/v2\/pages\/4359","targetHints":{"allow":["GET"]}}],"collection":[{"href":"https:\/\/falun2027.com\/sv\/wp-json\/wp\/v2\/pages"}],"about":[{"href":"https:\/\/falun2027.com\/sv\/wp-json\/wp\/v2\/types\/page"}],"author":[{"embeddable":true,"href":"https:\/\/falun2027.com\/sv\/wp-json\/wp\/v2\/users\/1"}],"replies":[{"embeddable":true,"href":"https:\/\/falun2027.com\/sv\/wp-json\/wp\/v2\/comments?post=4359"}],"version-history":[{"count":13,"href":"https:\/\/falun2027.com\/sv\/wp-json\/wp\/v2\/pages\/4359\/revisions"}],"predecessor-version":[{"id":7946,"href":"https:\/\/falun2027.com\/sv\/wp-json\/wp\/v2\/pages\/4359\/revisions\/7946"}],"wp:featuredmedia":[{"embeddable":true,"href":"https:\/\/falun2027.com\/sv\/wp-json\/wp\/v2\/media\/6135"}],"wp:attachment":[{"href":"https:\/\/falun2027.com\/sv\/wp-json\/wp\/v2\/media?parent=4359"}],"wp:term":[{"taxonomy":"layout","embeddable":true,"href":"https:\/\/falun2027.com\/sv\/wp-json\/wp\/v2\/layout?post=4359"}],"curies":[{"name":"wp","href":"https:\/\/api.w.org\/{rel}","templated":true}]}}